{"id":5,"date":"2021-03-09T16:09:17","date_gmt":"2021-03-09T16:09:17","guid":{"rendered":"http:\/\/www.arques.org\/?page_id=5"},"modified":"2021-04-04T16:28:41","modified_gmt":"2021-04-04T16:28:41","slug":"crea-tu-web-con-bloques","status":"publish","type":"page","link":"https:\/\/www.arques.org\/","title":{"rendered":"ARQUES"},"content":{"rendered":"\n<h2 class=\"alignwide has-text-align-wide has-extra-large-font-size wp-block-heading\" style=\"line-height:1.1\">ARTE <\/h2>\n\n\n\n<h2 class=\"alignwide has-text-align-wide has-extra-large-font-size wp-block-heading\" style=\"line-height:1.1\">QUESO<\/h2>\n\n\n\n<h2 class=\"alignwide has-text-align-wide has-extra-large-font-size wp-block-heading\" style=\"line-height:1.1\">ESPA\u00d1A<\/h2>\n\n\n\n<div style=\"height:100px\" aria-hidden=\"true\" class=\"wp-block-spacer\"><\/div>\n\n\n\n<div class=\"wp-block-columns alignwide are-vertically-aligned-center is-style-default is-layout-flex wp-container-core-columns-is-layout-9d6595d7 wp-block-columns-is-layout-flex\">\n<div class=\"wp-block-column is-vertically-aligned-center is-layout-flow wp-block-column-is-layout-flow\">\n<figure class=\"wp-block-image alignwide size-large is-style-twentytwentyone-image-frame\"><img loading=\"lazy\" decoding=\"async\" width=\"768\" height=\"1024\" src=\"https:\/\/www.arques.org\/wp-content\/uploads\/2021\/03\/Granada-20121113-00677-768x1024.jpg\" alt=\"\" class=\"wp-image-185\" srcset=\"https:\/\/www.arques.org\/wp-content\/uploads\/2021\/03\/Granada-20121113-00677-768x1024.jpg 768w, https:\/\/www.arques.org\/wp-content\/uploads\/2021\/03\/Granada-20121113-00677-225x300.jpg 225w, https:\/\/www.arques.org\/wp-content\/uploads\/2021\/03\/Granada-20121113-00677-1152x1536.jpg 1152w, https:\/\/www.arques.org\/wp-content\/uploads\/2021\/03\/Granada-20121113-00677-1536x2048.jpg 1536w, https:\/\/www.arques.org\/wp-content\/uploads\/2021\/03\/Granada-20121113-00677-1568x2091.jpg 1568w, https:\/\/www.arques.org\/wp-content\/uploads\/2021\/03\/Granada-20121113-00677-scaled.jpg 1920w\" sizes=\"auto, (max-width: 768px) 100vw, 768px\" \/><figcaption>LINCOM <br>Liga Nacional para la Comercializaci\u00f3n<br>del Queso Artesano.<br>  <\/figcaption><\/figure>\n\n\n\n<div style=\"height:100px\" aria-hidden=\"true\" class=\"wp-block-spacer\"><\/div>\n\n\n\n<figure class=\"wp-block-image alignfull size-large is-style-twentytwentyone-image-frame\"><img loading=\"lazy\" decoding=\"async\" width=\"768\" height=\"1024\" src=\"https:\/\/www.arques.org\/wp-content\/uploads\/2021\/03\/Granada-20130222-00788-768x1024.jpg\" alt=\"\" class=\"wp-image-45\" srcset=\"https:\/\/www.arques.org\/wp-content\/uploads\/2021\/03\/Granada-20130222-00788-768x1024.jpg 768w, https:\/\/www.arques.org\/wp-content\/uploads\/2021\/03\/Granada-20130222-00788-225x300.jpg 225w, https:\/\/www.arques.org\/wp-content\/uploads\/2021\/03\/Granada-20130222-00788-1152x1536.jpg 1152w, https:\/\/www.arques.org\/wp-content\/uploads\/2021\/03\/Granada-20130222-00788-1536x2048.jpg 1536w, https:\/\/www.arques.org\/wp-content\/uploads\/2021\/03\/Granada-20130222-00788-1568x2091.jpg 1568w, https:\/\/www.arques.org\/wp-content\/uploads\/2021\/03\/Granada-20130222-00788-scaled.jpg 1920w\" sizes=\"auto, (max-width: 768px) 100vw, 768px\" \/><\/figure>\n\n\n\n<p class=\"has-text-align-center\">CCQ Club de Catadores de Queso<\/p>\n\n\n\n<p class=\"has-text-align-center\"><\/p>\n<\/div>\n\n\n\n<div class=\"wp-block-column is-vertically-aligned-center is-layout-flow wp-block-column-is-layout-flow\">\n<div class=\"wp-block-image alignfull size-full is-style-twentytwentyone-image-frame\"><figure class=\"aligncenter size-large is-resized\"><img loading=\"lazy\" decoding=\"async\" src=\"https:\/\/www.arques.org\/wp-content\/uploads\/2021\/03\/DSCF3164-1024x768.jpg\" alt=\"\" class=\"wp-image-34\" width=\"386\" height=\"288\"\/><figcaption>SINDES <br>Sociedad para la Investigaci\u00f3n y <br>Desarrollo del Queso Artesano.<\/figcaption><\/figure><\/div>\n\n\n\n<p><\/p>\n\n\n\n<p><\/p>\n\n\n\n<p><\/p>\n<\/div>\n<\/div>\n\n\n\n<p><\/p>\n\n\n\n<div style=\"height:50px\" aria-hidden=\"true\" class=\"wp-block-spacer\"><\/div>\n\n\n\n<div class=\"wp-block-columns alignwide are-vertically-aligned-top is-layout-flex wp-container-core-columns-is-layout-9d6595d7 wp-block-columns-is-layout-flex\">\n<div class=\"wp-block-column is-vertically-aligned-top is-layout-flow wp-block-column-is-layout-flow\">\n<h3 class=\"wp-block-heading\">CCQ<\/h3>\n\n\n\n<p>Club de Catadores de Queso.<\/p>\n<\/div>\n\n\n\n<div class=\"wp-block-column is-vertically-aligned-top is-layout-flow wp-block-column-is-layout-flow\">\n<h3 class=\"wp-block-heading\">SINDES<\/h3>\n\n\n\n<p>Sociedad para la Investigaci\u00f3n y Desarrollo del Queso Artesano.<\/p>\n<\/div>\n\n\n\n<div class=\"wp-block-column is-vertically-aligned-top is-layout-flow wp-block-column-is-layout-flow\">\n<h3 class=\"wp-block-heading\">LINCOM<\/h3>\n\n\n\n<p>Liga Nacional para la Comercializaci\u00f3n del Queso Artesano.<\/p>\n<\/div>\n<\/div>\n\n\n\n<div class=\"wp-block-columns is-layout-flex wp-container-core-columns-is-layout-9d6595d7 wp-block-columns-is-layout-flex\">\n<div class=\"wp-block-column is-layout-flow wp-block-column-is-layout-flow\" style=\"flex-basis:100%\">\n<div style=\"height:100px\" aria-hidden=\"true\" class=\"wp-block-spacer\"><\/div>\n\n\n\n<h2 class=\"has-text-align-center wp-block-heading\">Asociaci\u00f3n Nacional para la Promoci\u00f3n y Desarrollo del Queso Artesano<\/h2>\n<\/div>\n<\/div>\n\n\n\n<div class=\"wp-block-columns is-layout-flex wp-container-core-columns-is-layout-9d6595d7 wp-block-columns-is-layout-flex\">\n<div class=\"wp-block-column is-layout-flow wp-block-column-is-layout-flow\" style=\"flex-basis:100%\">\n<div class=\"wp-block-image is-style-twentytwentyone-border\"><figure class=\"aligncenter size-large\"><img loading=\"lazy\" decoding=\"async\" width=\"123\" height=\"132\" src=\"https:\/\/www.arques.org\/wp-content\/uploads\/2021\/03\/anagrama-arques.png\" alt=\"\" class=\"wp-image-101\"\/><\/figure><\/div>\n<\/div>\n<\/div>\n\n\n\n<p><\/p>\n","protected":false},"excerpt":{"rendered":"<p>ARTE QUESO ESPA\u00d1A CCQ Club de Catadores de Queso CCQ Club de Catadores de Queso. SINDES Sociedad para la Investigaci\u00f3n y Desarrollo del Queso Artesano. LINCOM Liga Nacional para la Comercializaci\u00f3n del Queso Artesano. Asociaci\u00f3n Nacional para la Promoci\u00f3n y Desarrollo del Queso Artesano<\/p>\n","protected":false},"author":2,"featured_media":224,"parent":0,"menu_order":0,"comment_status":"closed","ping_status":"closed","template":"","meta":{"footnotes":""},"class_list":["post-5","page","type-page","status-publish","has-post-thumbnail","hentry","entry"],"_links":{"self":[{"href":"https:\/\/www.arques.org\/index.php\/wp-json\/wp\/v2\/pages\/5","targetHints":{"allow":["GET"]}}],"collection":[{"href":"https:\/\/www.arques.org\/index.php\/wp-json\/wp\/v2\/pages"}],"about":[{"href":"https:\/\/www.arques.org\/index.php\/wp-json\/wp\/v2\/types\/page"}],"author":[{"embeddable":true,"href":"https:\/\/www.arques.org\/index.php\/wp-json\/wp\/v2\/users\/2"}],"replies":[{"embeddable":true,"href":"https:\/\/www.arques.org\/index.php\/wp-json\/wp\/v2\/comments?post=5"}],"version-history":[{"count":20,"href":"https:\/\/www.arques.org\/index.php\/wp-json\/wp\/v2\/pages\/5\/revisions"}],"predecessor-version":[{"id":422,"href":"https:\/\/www.arques.org\/index.php\/wp-json\/wp\/v2\/pages\/5\/revisions\/422"}],"wp:featuredmedia":[{"embeddable":true,"href":"https:\/\/www.arques.org\/index.php\/wp-json\/wp\/v2\/media\/224"}],"wp:attachment":[{"href":"https:\/\/www.arques.org\/index.php\/wp-json\/wp\/v2\/media?parent=5"}],"curies":[{"name":"wp","href":"https:\/\/api.w.org\/{rel}","templated":true}]}}