{"id":128,"date":"2021-03-15T19:12:04","date_gmt":"2021-03-15T19:12:04","guid":{"rendered":"http:\/\/www.arques.org\/?page_id=128"},"modified":"2021-03-26T11:11:02","modified_gmt":"2021-03-26T11:11:02","slug":"sindes","status":"publish","type":"page","link":"https:\/\/www.arques.org\/index.php\/sindes\/","title":{"rendered":"SINDES"},"content":{"rendered":"\n<p>Sociedad para la Promoci\u00f3n y Desarrollo del Queso Artesano<\/p>\n\n\n\n<figure class=\"wp-block-image size-large is-resized is-style-twentytwentyone-border\"><img loading=\"lazy\" decoding=\"async\" src=\"https:\/\/www.arques.org\/wp-content\/uploads\/2021\/03\/laboratorio.jpg\" alt=\"\" class=\"wp-image-129\" width=\"611\" height=\"408\"\/><\/figure>\n\n\n\n<p>Sociedad para la Investigaci\u00f3n y Desarrollo del Queso Artesano, SINDES es la secci\u00f3n de ARQUES que se dedica a la investigaci\u00f3n, docencia, y el desarrollo de nuevas t\u00e9cnicas queseras. <\/p>\n\n\n\n<p>Acreditaciones y Certificaciones de \u00abQueso Artesano\u00bb, en los diferentes niveles auditados. <\/p>\n\n\n\n<p><\/p>\n","protected":false},"excerpt":{"rendered":"<p>Sociedad para la Promoci\u00f3n y Desarrollo del Queso Artesano Sociedad para la Investigaci\u00f3n y Desarrollo del Queso Artesano, SINDES es la secci\u00f3n de ARQUES que se dedica a la investigaci\u00f3n, docencia, y el desarrollo de nuevas t\u00e9cnicas queseras. Acreditaciones y Certificaciones de \u00abQueso Artesano\u00bb, en los diferentes niveles auditados.<\/p>\n","protected":false},"author":1,"featured_media":0,"parent":0,"menu_order":0,"comment_status":"closed","ping_status":"closed","template":"","meta":{"footnotes":""},"class_list":["post-128","page","type-page","status-publish","hentry","entry"],"_links":{"self":[{"href":"https:\/\/www.arques.org\/index.php\/wp-json\/wp\/v2\/pages\/128","targetHints":{"allow":["GET"]}}],"collection":[{"href":"https:\/\/www.arques.org\/index.php\/wp-json\/wp\/v2\/pages"}],"about":[{"href":"https:\/\/www.arques.org\/index.php\/wp-json\/wp\/v2\/types\/page"}],"author":[{"embeddable":true,"href":"https:\/\/www.arques.org\/index.php\/wp-json\/wp\/v2\/users\/1"}],"replies":[{"embeddable":true,"href":"https:\/\/www.arques.org\/index.php\/wp-json\/wp\/v2\/comments?post=128"}],"version-history":[{"count":3,"href":"https:\/\/www.arques.org\/index.php\/wp-json\/wp\/v2\/pages\/128\/revisions"}],"predecessor-version":[{"id":211,"href":"https:\/\/www.arques.org\/index.php\/wp-json\/wp\/v2\/pages\/128\/revisions\/211"}],"wp:attachment":[{"href":"https:\/\/www.arques.org\/index.php\/wp-json\/wp\/v2\/media?parent=128"}],"curies":[{"name":"wp","href":"https:\/\/api.w.org\/{rel}","templated":true}]}}